{"id":96,"date":"2025-06-14T14:01:07","date_gmt":"2025-06-14T14:01:07","guid":{"rendered":"https:\/\/pesi.is\/?page_id=96"},"modified":"2026-03-14T01:03:51","modified_gmt":"2026-03-14T01:03:51","slug":"tonlist","status":"publish","type":"page","link":"https:\/\/pesi.is\/?page_id=96","title":{"rendered":"T\u00f3nlist"},"content":{"rendered":"\n<p><\/p>\n\n\n\n<p class=\"has-text-align-center\"><strong>Nokkrar misg\u00f3\u00f0ar og misgamlar uppt\u00f6kur.<\/strong><br><strong>Sumt fullkl\u00e1ra\u00f0 en anna\u00f0 \u00e1 frumstigi.<\/strong><br><strong>\u00d6ll l\u00f6g og textar eru eftir mig, nema Heart Of Gold, eftir Neil Young.<\/strong><br><strong>G\u00f3\u00f0a skemmtun.<\/strong><\/p>\n\n\n\n<p><\/p>\n\n\n\n<p>1. Light in a day (Fyrir sj\u00f3nvarp)<\/p>\n\n\n\n<figure class=\"wp-block-audio\"><audio controls src=\"https:\/\/pesi.is\/wp-content\/uploads\/2025\/06\/Light-in-a-day_MP3_256.mp3\"><\/audio><\/figure>\n\n\n\n<p>_____<\/p>\n\n\n\n<p>2. The game (Fyrir sj\u00f3nvarp)<\/p>\n\n\n\n<figure class=\"wp-block-audio\"><audio controls src=\"https:\/\/pesi.is\/wp-content\/uploads\/2025\/06\/The-Game_MP3_256.mp3\"><\/audio><\/figure>\n\n\n\n<p>_____<\/p>\n\n\n\n<p>3. Tell me like I do (Fyrir sj\u00f3nvarp)<\/p>\n\n\n\n<figure class=\"wp-block-audio\"><audio controls src=\"https:\/\/pesi.is\/wp-content\/uploads\/2025\/06\/Tell-me-like-I-do_MP3_256.mp3\"><\/audio><\/figure>\n\n\n\n<p>_____<\/p>\n\n\n\n<p>4. Enjoy The World (Fyrir sj\u00f3nvarp)<\/p>\n\n\n\n<figure class=\"wp-block-audio\"><audio controls src=\"https:\/\/pesi.is\/wp-content\/uploads\/2025\/06\/Funky-beat_MP3_256.mp3\"><\/audio><\/figure>\n\n\n\n<p>_____<\/p>\n\n\n\n<p>5. Think About You Too Much (Fyrir sj\u00f3nvarp)<\/p>\n\n\n\n<figure class=\"wp-block-audio\"><audio controls src=\"https:\/\/pesi.is\/wp-content\/uploads\/2025\/06\/05_Think-about-you-too-much_MP3_256.mp3\"><\/audio><\/figure>\n\n\n\n<p>_____<\/p>\n\n\n\n<p>6. Fly Without<\/p>\n\n\n\n<figure class=\"wp-block-audio\"><audio controls src=\"https:\/\/pesi.is\/wp-content\/uploads\/2025\/06\/06_Fly-Without_MP3_256.mp3\"><\/audio><\/figure>\n\n\n\n<p>_____<\/p>\n\n\n\n<p>7. Come Along<\/p>\n\n\n\n<figure class=\"wp-block-audio\"><audio controls src=\"https:\/\/pesi.is\/wp-content\/uploads\/2025\/06\/07_Come-along_MP3_256.mp3\"><\/audio><\/figure>\n\n\n\n<p>_____<\/p>\n\n\n\n<p>8. Lovesong<\/p>\n\n\n\n<figure class=\"wp-block-audio\"><audio controls src=\"https:\/\/pesi.is\/wp-content\/uploads\/2025\/06\/08_Lovesong_MP3_256.mp3\"><\/audio><\/figure>\n\n\n\n<p>_____<\/p>\n\n\n\n<p>9. Nothing To Give<\/p>\n\n\n\n<figure class=\"wp-block-audio\"><audio controls src=\"https:\/\/pesi.is\/wp-content\/uploads\/2025\/06\/09_Nothing-to-give_MP3_256.mp3\"><\/audio><\/figure>\n\n\n\n<p>_____<\/p>\n\n\n\n<p>10. Nothing<\/p>\n\n\n\n<figure class=\"wp-block-audio\"><audio controls src=\"https:\/\/pesi.is\/wp-content\/uploads\/2025\/06\/10_Nothing_MP3_256-1.mp3\"><\/audio><\/figure>\n\n\n\n<p>_____<\/p>\n\n\n\n<p>11. Heart Of Gold (Hlj\u00f3\u00f0rita\u00f0 \u00ed tilefni af Neil Young vi\u00f0bur\u00f0i \u00e1 R\u00e1s 2)<\/p>\n\n\n\n<figure class=\"wp-block-audio\"><audio controls src=\"https:\/\/pesi.is\/wp-content\/uploads\/2025\/06\/11_Heart-Of-Gold_MP3_256.mp3\"><\/audio><\/figure>\n\n\n\n<p>_____<\/p>\n\n\n\n<p>12. In The Eyes Of Love<\/p>\n\n\n\n<figure class=\"wp-block-audio\"><audio controls src=\"https:\/\/pesi.is\/wp-content\/uploads\/2025\/06\/12_In-The-Eyes-Of-Love_MP3_256.mp3\"><\/audio><\/figure>\n\n\n\n<p>_____<\/p>\n\n\n\n<p>13. Stef 1 (Fyrir sj\u00f3nvarp)<\/p>\n\n\n\n<figure class=\"wp-block-audio\"><audio controls src=\"https:\/\/pesi.is\/wp-content\/uploads\/2025\/06\/13_Sjonvarp-1_MP3_256.mp3\"><\/audio><\/figure>\n\n\n\n<p>_____<\/p>\n\n\n\n<p>14. Stef 2 (Fyrir sj\u00f3nvarp)<\/p>\n\n\n\n<figure class=\"wp-block-audio\"><audio controls src=\"https:\/\/pesi.is\/wp-content\/uploads\/2025\/06\/14_Sjonvarp-2_MP3_256.mp3\"><\/audio><\/figure>\n\n\n\n<p>_____<\/p>\n\n\n\n<p>15. Stef 3 (Fyrir sj\u00f3nvarp)<\/p>\n\n\n\n<figure class=\"wp-block-audio\"><audio controls src=\"https:\/\/pesi.is\/wp-content\/uploads\/2025\/06\/15_Sjonvarp-3_MP3_256.mp3\"><\/audio><\/figure>\n\n\n\n<p>_____<\/p>\n\n\n\n<p>16. Stef 4 (Fyrir sj\u00f3nvarp)<\/p>\n\n\n\n<figure class=\"wp-block-audio\"><audio controls src=\"https:\/\/pesi.is\/wp-content\/uploads\/2025\/06\/16_Sjonvarp-4_MP3_256.mp3\"><\/audio><\/figure>\n\n\n\n<p>_____<\/p>\n\n\n\n<p>17. Stef 5 (Fyrir sj\u00f3nvarp)<\/p>\n\n\n\n<figure class=\"wp-block-audio\"><audio controls src=\"https:\/\/pesi.is\/wp-content\/uploads\/2025\/06\/17_Sjonvarp-5_MP3_256.mp3\"><\/audio><\/figure>\n\n\n\n<p>_____<\/p>\n\n\n\n<p>18. Stef 6 (Fyrir sj\u00f3nvarp)<\/p>\n\n\n\n<figure class=\"wp-block-audio\"><audio controls src=\"https:\/\/pesi.is\/wp-content\/uploads\/2025\/06\/18_Sjonvarp-6_MP3_256.mp3\"><\/audio><\/figure>\n\n\n\n<p>_____<\/p>\n\n\n\n<p>19. Colors<\/p>\n\n\n\n<figure class=\"wp-block-audio\"><audio controls src=\"https:\/\/pesi.is\/wp-content\/uploads\/2025\/06\/19_Colors_MP3_256.mp3\"><\/audio><\/figure>\n\n\n\n<p>_____<\/p>\n\n\n\n<p>20. FA<\/p>\n\n\n\n<figure class=\"wp-block-audio\"><audio controls src=\"https:\/\/pesi.is\/wp-content\/uploads\/2025\/06\/20_FA_MP3_256.mp3\"><\/audio><\/figure>\n\n\n\n<p>_____<\/p>\n\n\n\n<p>21. FA &#8211; Colors<\/p>\n\n\n\n<figure class=\"wp-block-audio\"><audio controls src=\"https:\/\/pesi.is\/wp-content\/uploads\/2025\/06\/21_FA_Colors_MP3_256.mp3\"><\/audio><\/figure>\n\n\n\n<p>_____<\/p>\n\n\n\n<p>22. IFRI<\/p>\n\n\n\n<figure class=\"wp-block-audio\"><audio controls src=\"https:\/\/pesi.is\/wp-content\/uploads\/2025\/06\/22_IFRI_MP3_256.mp3\"><\/audio><\/figure>\n\n\n\n<p>_____<\/p>\n\n\n\n<p>23. My Bass<\/p>\n\n\n\n<figure class=\"wp-block-audio\"><audio controls src=\"https:\/\/pesi.is\/wp-content\/uploads\/2025\/06\/23_My-bass_MP3_256.mp3\"><\/audio><\/figure>\n\n\n\n<p>_____<\/p>\n\n\n\n<p>24. Sheila<\/p>\n\n\n\n<figure class=\"wp-block-audio\"><audio controls src=\"https:\/\/pesi.is\/wp-content\/uploads\/2025\/06\/24_Sheila_MP3_256.mp3\"><\/audio><\/figure>\n\n\n\n<p>_____<br>25. Thank You<\/p>\n\n\n\n<figure class=\"wp-block-audio\"><audio controls src=\"https:\/\/pesi.is\/wp-content\/uploads\/2025\/06\/25_Thank-you_MP3_256.mp3\"><\/audio><\/figure>\n\n\n\n<p>_____<\/p>\n\n\n\n<p>26. The World Within<\/p>\n\n\n\n<figure class=\"wp-block-audio\"><audio controls src=\"https:\/\/pesi.is\/wp-content\/uploads\/2025\/06\/26_The-World-Within_MP3_256.mp3\"><\/audio><\/figure>\n\n\n\n<p>_____<\/p>\n\n\n\n<p>27. Voices<\/p>\n\n\n\n<figure class=\"wp-block-audio\"><audio controls src=\"https:\/\/pesi.is\/wp-content\/uploads\/2025\/06\/27_Voices_MP3_256.mp3\"><\/audio><\/figure>\n\n\n\n<p>_____<\/p>\n\n\n\n<p>28. Weed<\/p>\n\n\n\n<figure class=\"wp-block-audio\"><audio controls src=\"https:\/\/pesi.is\/wp-content\/uploads\/2025\/06\/28_Weed_MP3_256.mp3\"><\/audio><\/figure>\n\n\n\n<p>_____<\/p>\n\n\n\n<p>29. Mercy<\/p>\n\n\n\n<figure class=\"wp-block-audio\"><audio controls src=\"https:\/\/pesi.is\/wp-content\/uploads\/2025\/06\/29_Mercy_MP3_256.mp3\"><\/audio><\/figure>\n\n\n\n<p>_____<\/p>\n\n\n\n<p>30. Blue<\/p>\n\n\n\n<figure class=\"wp-block-audio\"><audio controls src=\"https:\/\/pesi.is\/wp-content\/uploads\/2025\/06\/30_Blue_MP3_256.mp3\"><\/audio><\/figure>\n\n\n\n<p>_____<\/p>\n\n\n\n<p>31. Victims<\/p>\n\n\n\n<figure class=\"wp-block-audio\"><audio controls src=\"https:\/\/pesi.is\/wp-content\/uploads\/2025\/06\/31_Victims_MP3_256.mp3\"><\/audio><\/figure>\n\n\n\n<p>_____<\/p>\n\n\n\n<p>32. By The Rainbow<\/p>\n\n\n\n<figure class=\"wp-block-audio\"><audio controls src=\"https:\/\/pesi.is\/wp-content\/uploads\/2025\/06\/32_By-The-Rainbow_MP3_256.mp3\"><\/audio><\/figure>\n\n\n\n<p>_____<\/p>\n\n\n\n<p>33. Lovers<\/p>\n\n\n\n<figure class=\"wp-block-audio\"><audio controls src=\"https:\/\/pesi.is\/wp-content\/uploads\/2025\/06\/33_Lovers_MP3_256.mp3\"><\/audio><\/figure>\n\n\n\n<p>_____<\/p>\n\n\n\n<p>34. Flower<\/p>\n\n\n\n<figure class=\"wp-block-audio\"><audio controls src=\"https:\/\/pesi.is\/wp-content\/uploads\/2025\/06\/34_Flower_MP3_256.mp3\"><\/audio><\/figure>\n\n\n\n<p>_____<\/p>\n\n\n\n<p>35. Secrets<\/p>\n\n\n\n<figure class=\"wp-block-audio\"><audio controls src=\"https:\/\/pesi.is\/wp-content\/uploads\/2025\/06\/35_Secrets_MP3_256.mp3\"><\/audio><\/figure>\n\n\n\n<p>_____<\/p>\n\n\n\n<p>36. Show Me The World<\/p>\n\n\n\n<figure class=\"wp-block-audio\"><audio controls src=\"https:\/\/pesi.is\/wp-content\/uploads\/2025\/06\/36_Show-Me-The-World_MP3_256.mp3\"><\/audio><\/figure>\n\n\n\n<p>_____<\/p>\n\n\n\n<p>37. Sing<\/p>\n\n\n\n<figure class=\"wp-block-audio\"><audio controls src=\"https:\/\/pesi.is\/wp-content\/uploads\/2025\/06\/37_Sing_MP3_256.mp3\"><\/audio><\/figure>\n\n\n\n<p>_____<\/p>\n\n\n\n<p>38. Sing &#8211; 2<\/p>\n\n\n\n<figure class=\"wp-block-audio\"><audio controls src=\"https:\/\/pesi.is\/wp-content\/uploads\/2025\/06\/38_Sing-Prufa_MP3_256.mp3\"><\/audio><\/figure>\n\n\n\n<p>_____<\/p>\n\n\n\n<p>39. IICR<\/p>\n\n\n\n<figure class=\"wp-block-audio\"><audio controls src=\"https:\/\/pesi.is\/wp-content\/uploads\/2025\/06\/39_IICR_MP3_256.mp3\"><\/audio><\/figure>\n\n\n\n<p>_____<\/p>\n\n\n\n<p>40. In The Storm<\/p>\n\n\n\n<figure class=\"wp-block-audio\"><audio controls src=\"https:\/\/pesi.is\/wp-content\/uploads\/2025\/06\/40_In-The-Storm_MP3_256.mp3\"><\/audio><\/figure>\n\n\n\n<p>_____<\/p>\n\n\n\n<p>41. Lady<\/p>\n\n\n\n<figure class=\"wp-block-audio\"><audio controls src=\"https:\/\/pesi.is\/wp-content\/uploads\/2025\/06\/41_Lady_MP3_256.mp3\"><\/audio><\/figure>\n\n\n\n<p>_____<\/p>\n\n\n\n<p>42. Blue &#8211; Instrumental<\/p>\n\n\n\n<figure class=\"wp-block-audio\"><audio controls src=\"https:\/\/pesi.is\/wp-content\/uploads\/2025\/06\/42_Blue-instrumental_MP3_256.mp3\"><\/audio><\/figure>\n\n\n\n<p>_____<\/p>\n\n\n\n<p>43. Colors &#8211; Instrumental<\/p>\n\n\n\n<figure class=\"wp-block-audio\"><audio controls src=\"https:\/\/pesi.is\/wp-content\/uploads\/2025\/06\/43_Colors-instrumental_MP3_256.mp3\"><\/audio><\/figure>\n\n\n\n<p>_____<\/p>\n\n\n\n<p>44. Come Along &#8211; Instrumental<\/p>\n\n\n\n<figure class=\"wp-block-audio\"><audio controls src=\"https:\/\/pesi.is\/wp-content\/uploads\/2025\/06\/44_Come-along-instrumental_MP3_256.mp3\"><\/audio><\/figure>\n\n\n\n<p>_____<\/p>\n\n\n\n<p>45. FA &#8211; Instrumental<\/p>\n\n\n\n<figure class=\"wp-block-audio\"><audio controls src=\"https:\/\/pesi.is\/wp-content\/uploads\/2025\/06\/45_FA_Colors-instrumental_MP3_256.mp3\"><\/audio><\/figure>\n\n\n\n<p>_____<\/p>\n\n\n\n<p>46. Flowers &#8211; Instrumental<\/p>\n\n\n\n<figure class=\"wp-block-audio\"><audio controls src=\"https:\/\/pesi.is\/wp-content\/uploads\/2025\/06\/46_Flower-instrumetal_MP3_256.mp3\"><\/audio><\/figure>\n\n\n\n<p>_____<\/p>\n\n\n\n<p>47. Nothing &#8211; Instrumental<\/p>\n\n\n\n<figure class=\"wp-block-audio\"><audio controls src=\"https:\/\/pesi.is\/wp-content\/uploads\/2025\/06\/47_Nothing-instrumental_MP3_256.mp3\"><\/audio><\/figure>\n\n\n\n<p>_____<\/p>\n\n\n\n<p>48. Nothing To Give &#8211; Instrumental<\/p>\n\n\n\n<figure class=\"wp-block-audio\"><audio controls src=\"https:\/\/pesi.is\/wp-content\/uploads\/2025\/06\/48_Nothing-to-give-instrumental_MP3_256.mp3\"><\/audio><\/figure>\n\n\n\n<p>_____<\/p>\n\n\n\n<p>49. Shy Love<\/p>\n\n\n\n<figure class=\"wp-block-audio\"><audio controls src=\"https:\/\/pesi.is\/wp-content\/uploads\/2025\/06\/49_Shy-Love_MP3_256.mp3\"><\/audio><\/figure>\n\n\n\n<p>_____<\/p>\n\n\n\n<p>50. Weed &#8211; Instrumental<\/p>\n\n\n\n<figure class=\"wp-block-audio\"><audio controls src=\"https:\/\/pesi.is\/wp-content\/uploads\/2025\/06\/50_Weed-instrumental_MP3_256.mp3\"><\/audio><\/figure>\n\n\n\n<style>\n    \/* CSS code goes here *\/\n    body {\n        background-color: lightgray !important;\n    }\n<\/style>\n","protected":false},"excerpt":{"rendered":"<p>Nokkrar misg\u00f3\u00f0ar og misgamlar uppt\u00f6kur.Sumt fullkl\u00e1ra\u00f0 en anna\u00f0 \u00e1 frumstigi.\u00d6ll l\u00f6g og textar eru eftir mig, nema Heart Of Gold, eftir Neil Young.G\u00f3\u00f0a skemmtun. 1. Light in a day (Fyrir sj\u00f3nvarp) _____ 2. The game (Fyrir sj\u00f3nvarp) _____ 3. Tell me like I do (Fyrir sj\u00f3nvarp) _____ 4. Enjoy The World (Fyrir sj\u00f3nvarp) _____ 5. &hellip; <\/p>\n<p class=\"link-more\"><a href=\"https:\/\/pesi.is\/?page_id=96\" class=\"more-link\">Read more<span class=\"screen-reader-text\"> &#8220;T\u00f3nlist&#8221;<\/span><\/a><\/p>\n","protected":false},"author":1,"featured_media":0,"parent":0,"menu_order":0,"comment_status":"closed","ping_status":"closed","template":"","meta":{"footnotes":""},"class_list":["post-96","page","type-page","status-publish","hentry"],"_links":{"self":[{"href":"https:\/\/pesi.is\/index.php?rest_route=\/wp\/v2\/pages\/96","targetHints":{"allow":["GET"]}}],"collection":[{"href":"https:\/\/pesi.is\/index.php?rest_route=\/wp\/v2\/pages"}],"about":[{"href":"https:\/\/pesi.is\/index.php?rest_route=\/wp\/v2\/types\/page"}],"author":[{"embeddable":true,"href":"https:\/\/pesi.is\/index.php?rest_route=\/wp\/v2\/users\/1"}],"replies":[{"embeddable":true,"href":"https:\/\/pesi.is\/index.php?rest_route=%2Fwp%2Fv2%2Fcomments&post=96"}],"version-history":[{"count":30,"href":"https:\/\/pesi.is\/index.php?rest_route=\/wp\/v2\/pages\/96\/revisions"}],"predecessor-version":[{"id":391,"href":"https:\/\/pesi.is\/index.php?rest_route=\/wp\/v2\/pages\/96\/revisions\/391"}],"wp:attachment":[{"href":"https:\/\/pesi.is\/index.php?rest_route=%2Fwp%2Fv2%2Fmedia&parent=96"}],"curies":[{"name":"wp","href":"https:\/\/api.w.org\/{rel}","templated":true}]}}